{"id":74,"date":"2023-06-28T15:27:05","date_gmt":"2023-06-28T13:27:05","guid":{"rendered":"https:\/\/www.moreno.it\/?page_id=74"},"modified":"2026-04-24T11:04:57","modified_gmt":"2026-04-24T09:04:57","slug":"chi-siamo","status":"publish","type":"page","link":"https:\/\/www.moreno.it\/it\/chi-siamo\/","title":{"rendered":"Chi siamo"},"content":{"rendered":"<\/div>\t<div class=\"heropage-pagina relative z-5 text-white bg-blue-700 \" id=\"block_914a84086cd1de476c05f50e5ce3993b\">\n\t<div class=\"aniline absolute hidden 2xl:block left-0 top-[50%]\">\n\t<span class=\"before h-[1px]\"><\/span>\n\t<span class=\"after h-[3px]\"><\/span>\n\t<\/div>\n\n  <div class=\"aniline hidden md:block absolute right-0 top-[20%]\">\n\t<span class=\"before h-[3px]\"><\/span>\n\t<span class=\"after h-[1px]\"><\/span>\n\t<\/div>\n  <div class=\"aniline hidden md:block absolute right-[20%] top-[60%]\">\n\t<span class=\"after h-[1px]\"><\/span>\n\t<\/div>\n\n\n\t<div class=\"container mx-auto\">\n\t<div class=\"img-cont\">\n\n\t<div class=\"inner-text col-start-1 col-span-5 \">\n\t\n\n<h1 class=\"wp-block-heading\">La nostra storia<\/h1>\n\n\n\n<p>Tutto inizia nel 1988, anno in cui Domenico \u201cMoreno\u201d Palli apre la sua prima sede a Faenza. \u00c8 l\u2019inizio di un\u2019avventura che conoscer\u00e0 uno sviluppo continuo, permettendo all\u2019azienda di affermarsi come protagonista riconosciuto del mercato automotive.<\/p>\n\n\n\n<p>In continua evoluzione <strong>da oltre 35 anni<\/strong>, abbiamo rinnovato continuamente la nostra offerta, affiancando alla vendita delle auto anche altri servizi come l\u2019assistenza, il noleggio a lungo termine, la mobilit\u00e0 e i servizi per le aziende.<br>Ad oggi, Moreno Group conta <strong>16 sedi<\/strong> e <strong>oltre 300 tra dipendenti e collaboratori <\/strong>su <strong>4 province<\/strong> dell\u2019Emilia-Romagna.<\/p>\n\n\n\t<\/div>\n\t\t\t<div class=\"img_sfondo col-span-7\"><img loading=\"lazy\" decoding=\"async\" width=\"1128\" height=\"755\" src=\"https:\/\/www.moreno.it\/wp-content\/uploads\/2025\/09\/bnm.png\" class=\"attachment-full size-full\" alt=\"\" srcset=\"https:\/\/www.moreno.it\/wp-content\/uploads\/2025\/09\/bnm.png 1128w, https:\/\/www.moreno.it\/wp-content\/uploads\/2025\/09\/bnm-300x201.png 300w, https:\/\/www.moreno.it\/wp-content\/uploads\/2025\/09\/bnm-768x514.png 768w\" sizes=\"auto, (max-width: 1128px) 100vw, 1128px\" \/><\/div>\n\t\t\n\t\t\n\t<\/div>\n\t\n\t<\/div>\n\t <\/div>\n<div class=\"container mx-auto\">\n\n\n<h2 class=\"wp-block-heading has-text-align-center\">I nostri servizi<\/h2>\n\n\n\t<div class=\"card-pagina \" id=\"block_33f0d53d2284c5afb81a5d53529aa6ac\">\n\t    <div class=\"cards col-3\">\n    \t\t<div class=\"card-element\">\n        <div class=\"img_sfondo_card gradient-img\"><img loading=\"lazy\" decoding=\"async\" width=\"1920\" height=\"1080\" src=\"https:\/\/www.moreno.it\/wp-content\/uploads\/2023\/07\/vendita-auto-nuovo-usato-1.jpg\" class=\"attachment-full size-full\" alt=\"automobile lexus in movimento\" srcset=\"https:\/\/www.moreno.it\/wp-content\/uploads\/2023\/07\/vendita-auto-nuovo-usato-1.jpg 1920w, https:\/\/www.moreno.it\/wp-content\/uploads\/2023\/07\/vendita-auto-nuovo-usato-1-300x169.jpg 300w, https:\/\/www.moreno.it\/wp-content\/uploads\/2023\/07\/vendita-auto-nuovo-usato-1-1024x576.jpg 1024w, https:\/\/www.moreno.it\/wp-content\/uploads\/2023\/07\/vendita-auto-nuovo-usato-1-768x432.jpg 768w, https:\/\/www.moreno.it\/wp-content\/uploads\/2023\/07\/vendita-auto-nuovo-usato-1-1536x864.jpg 1536w\" sizes=\"auto, (max-width: 1920px) 100vw, 1920px\" \/><\/div>\n\t\t\t<div class=\"inner-text\">\n\t\t\t<h3>Vendita di nuovo e usato<\/h3>\n<p>Puoi trovare la tua prossima auto grazie alla disponibilit\u00e0 di oltre 2000 veicoli in pronta consegna tra nuovo, usato e Km0.<\/p>\n\t\t\t\t\t\t\t<a  href=\"\/it\/acquista\/\" class=\"btn btn-blue btn-secondary btn-icon\">Scopri le auto<\/a>\t\t<\/div>\n\t\t\t<\/div>\n    \t\t<div class=\"card-element\">\n        <div class=\"img_sfondo_card gradient-img\"><img loading=\"lazy\" decoding=\"async\" width=\"2560\" height=\"1707\" src=\"https:\/\/www.moreno.it\/wp-content\/uploads\/2023\/07\/noleggio-mobilita-scaled.jpg\" class=\"attachment-full size-full\" alt=\"uomo e donna sorridono all&#039;interno di un&#039;automobile\" srcset=\"https:\/\/www.moreno.it\/wp-content\/uploads\/2023\/07\/noleggio-mobilita-scaled.jpg 2560w, https:\/\/www.moreno.it\/wp-content\/uploads\/2023\/07\/noleggio-mobilita-300x200.jpg 300w, https:\/\/www.moreno.it\/wp-content\/uploads\/2023\/07\/noleggio-mobilita-1024x683.jpg 1024w, https:\/\/www.moreno.it\/wp-content\/uploads\/2023\/07\/noleggio-mobilita-768x512.jpg 768w, https:\/\/www.moreno.it\/wp-content\/uploads\/2023\/07\/noleggio-mobilita-1536x1024.jpg 1536w, https:\/\/www.moreno.it\/wp-content\/uploads\/2023\/07\/noleggio-mobilita-2048x1365.jpg 2048w\" sizes=\"auto, (max-width: 2560px) 100vw, 2560px\" \/><\/div>\n\t\t\t<div class=\"inner-text\">\n\t\t\t<h3>Noleggio e mobilit\u00e0<\/h3>\n<p>Car sharing e noleggio a breve e lungo termine pensati per offrire nuove soluzioni di mobilit\u00e0, smart e intelligenti. L&#8217;offerta \u00e8 parte dei servizi della societ\u00e0 Moreno Renting con sedi a Cesena, Ravenna, Bologna e Milano.<\/p>\n\t\t\t\t\t<\/div>\n\t\t\t<\/div>\n    \t\t<div class=\"card-element\">\n        <div class=\"img_sfondo_card gradient-img\"><img loading=\"lazy\" decoding=\"async\" width=\"2560\" height=\"1707\" src=\"https:\/\/www.moreno.it\/wp-content\/uploads\/2023\/07\/service-assistenza-scaled.jpg\" class=\"attachment-full size-full\" alt=\"meccanico esamina le sospensioni di un&#039;automobile\" srcset=\"https:\/\/www.moreno.it\/wp-content\/uploads\/2023\/07\/service-assistenza-scaled.jpg 2560w, https:\/\/www.moreno.it\/wp-content\/uploads\/2023\/07\/service-assistenza-300x200.jpg 300w, https:\/\/www.moreno.it\/wp-content\/uploads\/2023\/07\/service-assistenza-1024x683.jpg 1024w, https:\/\/www.moreno.it\/wp-content\/uploads\/2023\/07\/service-assistenza-768x512.jpg 768w, https:\/\/www.moreno.it\/wp-content\/uploads\/2023\/07\/service-assistenza-1536x1024.jpg 1536w, https:\/\/www.moreno.it\/wp-content\/uploads\/2023\/07\/service-assistenza-2048x1366.jpg 2048w\" sizes=\"auto, (max-width: 2560px) 100vw, 2560px\" \/><\/div>\n\t\t\t<div class=\"inner-text\">\n\t\t\t<h3>Service e assistenza<\/h3>\n<p>Le nostre 8 officine garantiscono un presidio capillare sul territorio: siamo centro di assistenza autorizzato per i brand Toyota, Lexus, Renault, Dacia e Jeep.<\/p>\n\t\t\t\t\t\t\t<a  href=\"\/it\/servizi\/\" class=\"btn btn-blue btn-secondary btn-icon\">Prenota un servizio<\/a>\t\t<\/div>\n\t\t\t<\/div>\n        <\/div>\n\n\t <\/div>\n\n\n\n<div style=\"height:128px\" aria-hidden=\"true\" class=\"wp-block-spacer\"><\/div>\n\n\n\n<h2 class=\"wp-block-heading has-text-align-center\">I nostri brand<\/h2>\n\n\n\n<div class=\"wp-block-columns is-layout-flex wp-container-core-columns-is-layout-9d6595d7 wp-block-columns-is-layout-flex\">\n<div class=\"wp-block-column is-layout-flow wp-block-column-is-layout-flow\" style=\"flex-basis:25%\"><\/div>\n\n\n\n<div class=\"wp-block-column is-layout-flow wp-block-column-is-layout-flow\" style=\"flex-basis:50%\">\n<p class=\"has-text-align-center has-x-large-font-size\">Siamo concessionari ufficiali per i marchi Jeep, Toyota, Lexus, Renault, Dacia, e per i servizi di mobilit\u00e0 Kinto, Mobilize, Leasys e Stellantis.<\/p>\n<\/div>\n\n\n\n<div class=\"wp-block-column is-layout-flow wp-block-column-is-layout-flow\" style=\"flex-basis:25%\"><\/div>\n<\/div>\n\n\n\t<div class=\"brand-pagina\" id=\"block_9e03bfe2449e5052a751c97bc6f6fd3e\">\n\t    <ul class=\"brand\">\n            <li>\n\t\t\t            <img decoding=\"async\" src=\"https:\/\/www.moreno.it\/wp-content\/uploads\/2023\/06\/moreno-make-jeep.svg\" alt=\"Jeep\">\n\t\t\t        <\/li>\n            <li>\n\t\t\t            <img decoding=\"async\" src=\"https:\/\/www.moreno.it\/wp-content\/uploads\/2023\/06\/moreno-make-toyota.svg\" alt=\"Toyota\">\n\t\t\t        <\/li>\n            <li>\n\t\t\t            <img decoding=\"async\" src=\"https:\/\/www.moreno.it\/wp-content\/uploads\/2023\/06\/moreno-make-lexus.svg\" alt=\"Lexus\">\n\t\t\t        <\/li>\n            <li>\n\t\t\t            <img decoding=\"async\" src=\"https:\/\/www.moreno.it\/wp-content\/uploads\/2023\/06\/moreno-make-renault-1.svg\" alt=\"Reanult\">\n\t\t\t        <\/li>\n            <li>\n\t\t\t            <img decoding=\"async\" src=\"https:\/\/www.moreno.it\/wp-content\/uploads\/2023\/06\/moreno-make-dacia.svg\" alt=\"Dacia\">\n\t\t\t        <\/li>\n            <li>\n\t\t\t            <img decoding=\"async\" src=\"https:\/\/www.moreno.it\/wp-content\/uploads\/2023\/07\/kinto.svg\" alt=\"Kinto\">\n\t\t\t        <\/li>\n            <li>\n\t\t\t            <img decoding=\"async\" src=\"https:\/\/www.moreno.it\/wp-content\/uploads\/2023\/07\/mobilize3x.png\" alt=\"Mobilize\">\n\t\t\t        <\/li>\n            <li>\n\t\t\t            <img decoding=\"async\" src=\"https:\/\/www.moreno.it\/wp-content\/uploads\/2023\/07\/leasys@3x.webp\" alt=\"Leasys\">\n\t\t\t        <\/li>\n            <li>\n\t\t\t            <img decoding=\"async\" src=\"https:\/\/www.moreno.it\/wp-content\/uploads\/2023\/07\/stellantis.svg\" alt=\"Stellantis\">\n\t\t\t        <\/li>\n        <\/ul>\n\t <\/div>\n\n\n\t<div class=\"cardfull-pagina \" id=\"block_15765696d32779fd21c156dc2c37d59a\">\n\t\t<div class=\"img_sfondo_card gradient-img\"><img loading=\"lazy\" decoding=\"async\" width=\"1920\" height=\"1032\" src=\"https:\/\/www.moreno.it\/wp-content\/uploads\/2023\/07\/banner-valori.jpg\" class=\"attachment-full size-full\" alt=\"automobile lexus in movimento\" srcset=\"https:\/\/www.moreno.it\/wp-content\/uploads\/2023\/07\/banner-valori.jpg 1920w, https:\/\/www.moreno.it\/wp-content\/uploads\/2023\/07\/banner-valori-300x161.jpg 300w, https:\/\/www.moreno.it\/wp-content\/uploads\/2023\/07\/banner-valori-1024x550.jpg 1024w, https:\/\/www.moreno.it\/wp-content\/uploads\/2023\/07\/banner-valori-768x413.jpg 768w, https:\/\/www.moreno.it\/wp-content\/uploads\/2023\/07\/banner-valori-1536x826.jpg 1536w\" sizes=\"auto, (max-width: 1920px) 100vw, 1920px\" \/><\/div>\n\t<div class=\"inner-text\">\n\t\t<div class=\"lg:w-1\/2\"><h2>I nostri valori<\/h2>\n<p>Soddisfiamo il bisogno delle persone di muoversi, viaggiare, sognare. Il nostro obiettivo? Essere la scelta spontanea di chi pensa ad un veicolo e a tutti i servizi del mondo automotive.<\/p>\n<\/div>\n\t<\/div>\n\t    <div class=\"punti col-3\">\n    \t\t<div class=\"punto\">\n\t\t\t<h3>Gentilezza e gratitudine<\/h3>\n<p>Gentilezza e gratitudine verso tutte le persone che fanno parte del mondo Moreno, clienti compresi.<\/p>\n\t\t\t<\/div>\n    \t\t<div class=\"punto\">\n\t\t\t<h3>Integrit\u00e0<\/h3>\n<p>Trasparenza, seriet\u00e0 e rispetto: il cliente \u00e8 per noi il protagonista assoluto.<\/p>\n\t\t\t<\/div>\n    \t\t<div class=\"punto\">\n\t\t\t<h3>Professionalit\u00e0<\/h3>\n<p>Positivit\u00e0 unita a risposte certe, concrete e rapide per soddisfare appieno le esigenze dei clienti.<\/p>\n\t\t\t<\/div>\n        <\/div>\n\n\t <\/div>\n","protected":false},"excerpt":{"rendered":"<p>I nostri servizi I nostri brand Siamo concessionari ufficiali per i marchi Jeep, Toyota, Lexus, Renault, Dacia, e per i servizi di mobilit\u00e0 Kinto, Mobilize, Leasys e Stellantis.<\/p>\n","protected":false},"author":2,"featured_media":0,"parent":0,"menu_order":0,"comment_status":"closed","ping_status":"closed","template":"templates\/template-chi-siamo.php","meta":{"_acf_changed":false,"footnotes":""},"class_list":["post-74","page","type-page","status-publish","hentry"],"acf":[],"_links":{"self":[{"href":"https:\/\/www.moreno.it\/it\/wp-json\/wp\/v2\/pages\/74","targetHints":{"allow":["GET"]}}],"collection":[{"href":"https:\/\/www.moreno.it\/it\/wp-json\/wp\/v2\/pages"}],"about":[{"href":"https:\/\/www.moreno.it\/it\/wp-json\/wp\/v2\/types\/page"}],"author":[{"embeddable":true,"href":"https:\/\/www.moreno.it\/it\/wp-json\/wp\/v2\/users\/2"}],"replies":[{"embeddable":true,"href":"https:\/\/www.moreno.it\/it\/wp-json\/wp\/v2\/comments?post=74"}],"version-history":[{"count":7,"href":"https:\/\/www.moreno.it\/it\/wp-json\/wp\/v2\/pages\/74\/revisions"}],"predecessor-version":[{"id":506470,"href":"https:\/\/www.moreno.it\/it\/wp-json\/wp\/v2\/pages\/74\/revisions\/506470"}],"wp:attachment":[{"href":"https:\/\/www.moreno.it\/it\/wp-json\/wp\/v2\/media?parent=74"}],"curies":[{"name":"wp","href":"https:\/\/api.w.org\/{rel}","templated":true}]}}