{"id":270050,"date":"2024-02-15T10:13:49","date_gmt":"2024-02-15T09:13:49","guid":{"rendered":"https:\/\/www.moreno.it\/?page_id=270050"},"modified":"2026-04-27T09:42:00","modified_gmt":"2026-04-27T07:42:00","slug":"d-lgs-231-01","status":"publish","type":"page","link":"https:\/\/www.moreno.it\/it\/d-lgs-231-01\/","title":{"rendered":"D. Lgs. 231\/01"},"content":{"rendered":"\n<h2 class=\"wp-block-heading\">D. Lgs. 231\/01<\/h2>\n\n\n\n<p>Nell\u2019ottica del massimo rispetto della trasparenza e della legalit\u00e0, e con lo scopo di prevenire il rischio di verificarsi di ogni forma di irregolarit\u00e0 nello svolgimento della propria attivit\u00e0, limitando cos\u00ec il rischio di commissione di reati, le societ\u00e0 del <strong>Gruppo Moreno<\/strong>: Moreno Motor Company srl; Reno Motor Company srl; Moreno Holding Group spa, hanno deciso di adottare il <strong>Modello 231<\/strong>.<\/p>\n\n\n\n<p>A tal fine il Gruppo Moreno ha adottato, previa analisi dell\u2019intera struttura organizzativa aziendale, e del proprio sistema di controllo interno, un proprio Modello Organizzativo, Gestione e Controllo, vincolante per tutti i soggetti che, a vario titolo, intrattengono rapporti professionali con le proprie societ\u00e0.<\/p>\n\n\n\n<p>Inoltre, come previsto dal D. Lgs. 231\/01, il Gruppo Moreno ha istituito un proprio Organismo Di Vigilanza, con funzione di controllo sull\u2019applicazione dei predetti modelli organizzativi.<\/p>\n\n\n\n<p class=\"has-text-color has-blue-600-color\"><a href=\"\/wp-content\/uploads\/2024\/02\/D-L-231-Parte-Generale-Gruppo.pdf\" target=\"_blank\" rel=\"noreferrer noopener\">Principi Generali D. Lgs. 231\/01<\/a><\/p>\n\n\n\n<p class=\"has-text-color has-blue-600-color\"><a href=\"\/wp-content\/uploads\/2024\/02\/D-L-231-Codice-Etico-Gruppo-Moreno_Agosto-2023.pdf\">Codice Etico Gruppo Moreno<\/a><\/p>\n","protected":false},"excerpt":{"rendered":"<p>D. Lgs. 231\/01 Nell\u2019ottica del massimo rispetto della trasparenza e della legalit\u00e0, e con lo scopo di prevenire il rischio di verificarsi di ogni forma di irregolarit\u00e0 nello svolgimento della propria attivit\u00e0, limitando cos\u00ec il rischio di commissione di reati, le societ\u00e0 del Gruppo Moreno: Moreno Motor Company srl; Reno Motor Company srl; Moreno Holding &hellip; <a href=\"https:\/\/www.moreno.it\/it\/d-lgs-231-01\/\">More<\/a><\/p>\n","protected":false},"author":1,"featured_media":0,"parent":0,"menu_order":0,"comment_status":"closed","ping_status":"closed","template":"templates\/template-whistleblowing.php","meta":{"_acf_changed":false,"footnotes":""},"class_list":["post-270050","page","type-page","status-publish","hentry"],"acf":[],"_links":{"self":[{"href":"https:\/\/www.moreno.it\/it\/wp-json\/wp\/v2\/pages\/270050","targetHints":{"allow":["GET"]}}],"collection":[{"href":"https:\/\/www.moreno.it\/it\/wp-json\/wp\/v2\/pages"}],"about":[{"href":"https:\/\/www.moreno.it\/it\/wp-json\/wp\/v2\/types\/page"}],"author":[{"embeddable":true,"href":"https:\/\/www.moreno.it\/it\/wp-json\/wp\/v2\/users\/1"}],"replies":[{"embeddable":true,"href":"https:\/\/www.moreno.it\/it\/wp-json\/wp\/v2\/comments?post=270050"}],"version-history":[{"count":1,"href":"https:\/\/www.moreno.it\/it\/wp-json\/wp\/v2\/pages\/270050\/revisions"}],"predecessor-version":[{"id":270052,"href":"https:\/\/www.moreno.it\/it\/wp-json\/wp\/v2\/pages\/270050\/revisions\/270052"}],"wp:attachment":[{"href":"https:\/\/www.moreno.it\/it\/wp-json\/wp\/v2\/media?parent=270050"}],"curies":[{"name":"wp","href":"https:\/\/api.w.org\/{rel}","templated":true}]}}