{"id":267404,"date":"2024-02-08T16:21:56","date_gmt":"2024-02-08T15:21:56","guid":{"rendered":"https:\/\/www.moreno.it\/?page_id=267404"},"modified":"2026-04-27T09:42:46","modified_gmt":"2026-04-27T07:42:46","slug":"whistleblowing","status":"publish","type":"page","link":"https:\/\/www.moreno.it\/it\/whistleblowing\/","title":{"rendered":"Whistleblowing"},"content":{"rendered":"\n<div class=\"wp-block-columns is-layout-flex wp-container-core-columns-is-layout-9d6595d7 wp-block-columns-is-layout-flex\">\n<div class=\"wp-block-column is-layout-flow wp-block-column-is-layout-flow\">\n<h2 class=\"wp-block-heading\">Whistleblowing<\/h2>\n\n\n\n<p>Nell\u2019ottica del massimo rispetto della trasparenza e della legalit\u00e0, le societ\u00e0 del <strong>Gruppo Moreno<\/strong>: Moreno Motor Company srl; Reno Motor Company srl; Moreno Holding Group spa, hanno attivato il Canale di Segnalazione Interna <strong>\u201cWhistleblowing\u201d<\/strong> come previsto dal D. Lgs 24\/2023.<\/p>\n\n\n\n<p>Si tratta di un canale di segnalazione tramite il quale i dipendenti, i fornitori e i clienti del Gruppo Moreno, hanno la possibilit\u00e0 di segnalare in forma strettamente anonima, episodi di illeciti amministrativi, contabili, penali.&nbsp;<\/p>\n\n\n\n<p>Il \u201c<strong>Canale di segnalazione<\/strong>\u201d, \u00e8 stato attivato tramite una societ\u00e0 informatica specializzata, ed \u00e8 stata affidata all\u2019Avv. <strong>Christian Attardi<\/strong>, gi\u00e0 ODV del modello D. Lgs. 231\/2001 del Gruppo Moreno, la funzione di \u201c<strong>Gestore delle segnalazioni<\/strong>\u201d.<\/p>\n\n\n\n<p>L\u2019indirizzo al quale potranno essere inviate le segnalazioni \u00e8:<\/p>\n\n\n\n<p class=\"has-text-align-center\"><strong><a href=\"http:\/\/moreno.smartleaks.cloud\" target=\"_blank\" rel=\"noreferrer noopener\">moreno.smartleaks.cloud<\/a><\/strong><\/p>\n\n\n\n<p>I segnalatori \u201c<em>Whistleblower\u201d<\/em> avranno, in tal modo, la duplice garanzia di uno Studio Legale che ha l\u2019obbligo del segreto professionale e la disponibilit\u00e0 di una piattaforma informatica che protegge la riservatezza dell\u2019identit\u00e0 e i dati personali di chi denuncia condotte illecite.<\/p>\n\n\n\n<p>L\u2019infrastruttura informatica in esame \u00e8 stata sviluppata con le migliori tecnologie attualmente disponibili. \u00c8 uno strumento bidirezionale che consente di dialogare con il <em>whistleblower<\/em> garantendogli l\u2019anonimato e consentendogli di inviare file e documenti di supporto in maniera sicura e anonima. I dati verranno conservati e criptati nel totale rispetto della privacy.<\/p>\n\n\n\n<p class=\"has-blue-600-color has-text-color\"><a href=\"\/wp-content\/uploads\/2024\/02\/TeamSystem-Whistleblowing-Manuale-segnalante.pdf\" target=\"_blank\" rel=\"noreferrer noopener\">TeamSystem Whistleblowing &#8211; Manuale segnalante<\/a><\/p>\n<\/div>\n<\/div>\n","protected":false},"excerpt":{"rendered":"<p>Whistleblowing Nell\u2019ottica del massimo rispetto della trasparenza e della legalit\u00e0, le societ\u00e0 del Gruppo Moreno: Moreno Motor Company srl; Reno Motor Company srl; Moreno Holding Group spa, hanno attivato il Canale di Segnalazione Interna \u201cWhistleblowing\u201d come previsto dal D. Lgs 24\/2023. Si tratta di un canale di segnalazione tramite il quale i dipendenti, i fornitori &hellip; <a href=\"https:\/\/www.moreno.it\/it\/whistleblowing\/\">More<\/a><\/p>\n","protected":false},"author":1,"featured_media":0,"parent":0,"menu_order":0,"comment_status":"closed","ping_status":"closed","template":"templates\/template-whistleblowing.php","meta":{"_acf_changed":false,"footnotes":""},"class_list":["post-267404","page","type-page","status-publish","hentry"],"acf":[],"_links":{"self":[{"href":"https:\/\/www.moreno.it\/it\/wp-json\/wp\/v2\/pages\/267404","targetHints":{"allow":["GET"]}}],"collection":[{"href":"https:\/\/www.moreno.it\/it\/wp-json\/wp\/v2\/pages"}],"about":[{"href":"https:\/\/www.moreno.it\/it\/wp-json\/wp\/v2\/types\/page"}],"author":[{"embeddable":true,"href":"https:\/\/www.moreno.it\/it\/wp-json\/wp\/v2\/users\/1"}],"replies":[{"embeddable":true,"href":"https:\/\/www.moreno.it\/it\/wp-json\/wp\/v2\/comments?post=267404"}],"version-history":[{"count":2,"href":"https:\/\/www.moreno.it\/it\/wp-json\/wp\/v2\/pages\/267404\/revisions"}],"predecessor-version":[{"id":270051,"href":"https:\/\/www.moreno.it\/it\/wp-json\/wp\/v2\/pages\/267404\/revisions\/270051"}],"wp:attachment":[{"href":"https:\/\/www.moreno.it\/it\/wp-json\/wp\/v2\/media?parent=267404"}],"curies":[{"name":"wp","href":"https:\/\/api.w.org\/{rel}","templated":true}]}}